{"id":2,"date":"2015-12-09T03:33:20","date_gmt":"2015-12-09T03:33:20","guid":{"rendered":"http:\/\/wp44m.a10-52-158-154.qa.plesk.ru\/wordpress\/?page_id=2"},"modified":"2023-09-21T19:41:19","modified_gmt":"2023-09-21T19:41:19","slug":"home","status":"publish","type":"page","link":"https:\/\/gill-bi.de\/","title":{"rendered":"Business Intelligence &#8211; professionell, zielgerichtet, authentisch"},"content":{"rendered":"\n<p><\/p>\n\n\n\n<p>Wir bieten Ihnen professionelle Beratungsleistungen f\u00fcr Ihr Business Intelligence- oder Analytics-Projekt. Auf der Grundlage unserer jahrelangen Erfahrung wissen wir, worauf es ankommt, wissen wir, Ihren Projekterfolg sicherzustellen.<\/p>\n\n\n\n<p>Wir sind Experten in der Entwicklung und Umsetzung von <strong>Datenstrategien<\/strong> und unterst\u00fctzen Sie, Ihre Daten gewinnbringend zu nutzen. Mit dem Ziel, Ihnen den gr\u00f6\u00dftm\u00f6glichen Nutzen zu bringen, unterst\u00fctzen wir Sie gerne in allen Phasen Ihrer Projekte und bei allen operativen Aufgaben.<\/p>\n\n\n<p><span style=\"color: #00add9;\"><strong>NEARSHORING-Option<\/strong>: \u00dcber eine langj\u00e4hrige Partnerschaft ins europ\u00e4ische Ausland bieten wir Ihnen eine g\u00fcnstige und gleichzeitig sichere Unterst\u00fctzung f\u00fcr Ihre Projekte. Eine deutschsprachige Betreuung und ggf. Projekt- oder Teamleitung sichert die effiziente Integration in Ihr Umfeld.<\/span><\/p>\n<p><b>Unsere Leistungen:<\/b><\/p>\n<details>\n<summary><b>MicroStrategy<\/b><\/summary>\n<p>Seit 2009 bieten wir Beratung f\u00fcr die MicroStrategy-BI-Plattform an. Die meisten Experten unseres Netzwerkes haben zuvor als Berater bei MicroStrategy gearbeitet und verf\u00fcgen \u00fcber fundiertes Wissen im Einsatz der Software. Nutzen Sie diese Expertise f\u00fcr Ihr MicroStrategy-Projekt oder den operativen Einsatz.<br>Konkret unterst\u00fctzen wir Sie bei:<\/p>\n<p>&#8211; Analyse der Gesch\u00e4ftsanforderungen und Daten<\/p>\n<p>&#8211; Datenmodellierung und Schemadesign<\/p>\n<p>&#8211; Umsetzung von Kennzahlen und KPIs<\/p>\n<p>&#8211; Entwicklung von Berichten und Analysen<\/p>\n<p>&#8211; Umsetzung von Dokumenten und Dashboards<\/p>\n<p>&#8211; Datenvisualisierung<\/p>\n<p>&#8211; Umsetzung mobiler BI-Anwendungen<\/p>\n<p>&#8211; Automatische Berichts- und Datenverteilung<\/p>\n<p>&#8211; Sicherheitskonzept, Benutzerrollen und -rechte<\/p>\n<p>&#8211; Performance-Optimierung<\/p>\n<p>&#8211; Interface-Anpassungen und -Integration<\/p>\n<p>&#8211; Dokumentation<\/p>\n<p>&#8211; Anwendersupport und -schulung, Coaching<\/p>\n<p>&#8211; Unterst\u00fctzung der Inbetriebnahme, im Rahmen der Administration und des Monitorings<\/p>\n<\/details>\n<details>\n<summary><b>Datenstrategieberatung<\/b><\/summary>\n<p><img decoding=\"async\" loading=\"lazy\" width=\"416\" height=\"88\" class=\"wp-image-138 alignleft\" style=\"width: 150px;\" src=\"https:\/\/gill-bi.de\/wp-content\/uploads\/2023\/05\/datentreiber_logo_negativ-e1684345028752.png\" alt=\"\" srcset=\"https:\/\/gill-bi.de\/wp-content\/uploads\/2023\/05\/datentreiber_logo_negativ-e1684345028752.png 416w, https:\/\/gill-bi.de\/wp-content\/uploads\/2023\/05\/datentreiber_logo_negativ-e1684345028752-300x63.png 300w\" sizes=\"(max-width: 416px) 100vw, 416px\" \/><\/p>\n<p>Wir sind stolz darauf, als zertifizierter Partner von Datentreiber (datentreiber.com) Ihnen eine professionelle Beratung und Unterst\u00fctzung bei der Entwicklung einer effektiven Datenstrategie anzubieten.<\/p>\n<p>Mit unserer Unterst\u00fctzung werden Sie den Wert Ihrer Daten maximieren, indem Sie bessere Entscheidungen treffen, die Effizienz Ihrer Prozesse steigern und innovative Produkte und Dienstleistungen entwickeln.<\/p>\n<p>In effizienten Workshops wenden wir die ganzheitliche Methodologie von Datentreiber an, um Ihre Gesch\u00e4ftsziele in eine ma\u00dfgeschneiderte Datenstrategie, mit konkreten Uses Cases und Schritten zur Umsetzung zu \u00fcberf\u00fchren. Gerne begleiten wir Sie anschlie\u00dfend bei der Umsetzung und Erfolgsmessung.<\/p>\n<\/details>\n<details>\n<summary><b>Datenvisualisierung IBCS<\/b><\/summary>\n<p><img decoding=\"async\" loading=\"lazy\" width=\"200\" height=\"203\" class=\"wp-image-52 alignleft\" src=\"https:\/\/gill-bi.de\/wp-content\/uploads\/2015\/12\/IBCS_CERTIFIED_CONSULTANT-1.png\" alt=\"\"><\/p>\n<p>Seit 2015 bieten wir Information Design-Beratung nach HICHERT\u00aeIBCS an.<\/p>\n<p>Als von Hichert+Faisst zertifizierter Berater und aktives Mitglied der IBCS-Organisation unterst\u00fctzt Sie Michael Gill gerne&nbsp;bei der Umsetzung des Konzeptes HICHERT\u00aeSUCCESS und bei der Implementierung des Standards HICHERT\u00aeIBCS f\u00fcr erfolgreiche Gesch\u00e4ftskommunikation.<\/p>\n<p>Konkret unterst\u00fctzen wir Sie bei:<\/p>\n<p>&#8211; Unterst\u00fctzung bei der Umstellung des Berichtswesens nach den IBCS-Regeln<br>&#8211; Erstellung eines Notationshandbuches<br>&#8211; Unterst\u00fctzung bei der Umsetzung der IBCS-Regeln mit MicroStrategy<br>&#8211; Unterst\u00fctzung bei der Auswahl und beim Einsatz anderer Frontend-Produkte<\/p>\n<\/details>\n<p><!-- \/wp:group --><\/p>\n<p><!-- wp:paragraph --><\/p>\n<p>F\u00fcr welche Leistung Sie auch Bedarf sehen \u2013 der Grundsatz unserer&nbsp;Arbeit ist es, Ihnen professionell, zielgerichtet und authentisch den gr\u00f6\u00dften Nutzen zu bringen.<\/p>\n<details>\n<summary><b>Unsere Grunds\u00e4tze und Werte<\/b><\/summary>\n<p>Erwarten Sie von uns eine professionelle, zielgerichtete und authentische Vorgehensweise.<\/p>\n<p>&#8211; <strong>professionell<\/strong>: Erwarten Sie fundiertes Fachwissen, eine sorgf\u00e4ltige und ruhige Arbeitsweise sowie die Motivation zur Ausweitung der Kenntnisse zugunsten Ihres Projektes.<br>&#8211; <strong>zielgerichtet<\/strong>: Erwarten Sie eine klare Ergebnisorientierung, Konzentration auf Ihre Ziele und Kreativit\u00e4t zur Verwirklichung optimaler L\u00f6sungen.<br>&#8211; <strong>authentisch<\/strong>: Erwarten Sie eine offene und ehrliche Kommunikation und einen respektvollen Umgang. Unser Ziel ist eine langfristige gute Beziehungen zu Kunden und Partnern.<\/p>\n<\/details>\n<p>Das garantieren wir Ihnen und vertrauen dabei auf die langj\u00e4hrige Erfahrung und das fundierte produktspezifische Wissen der f\u00fcr Sie verantwortlichen Mitarbeiter &amp; Partner.<\/p>\n<p>Wir freuen uns sehr auf Ihre <a title=\"Anfrage\" href=\"https:\/\/gill-bi.de\/?page_id=59\">Anfrage<\/a>!<\/p>\n<p>Ihr Michael Gill<\/p>\n","protected":false},"excerpt":{"rendered":"<p>Wir bieten Ihnen professionelle Beratungsleistungen f\u00fcr Ihr Business Intelligence- oder Analytics-Projekt. Auf der Grundlage unserer jahrelangen Erfahrung wissen wir, worauf es ankommt, wissen wir, Ihren Projekterfolg sicherzustellen. Wir sind Experten &#8230;<\/p>\n","protected":false},"author":1,"featured_media":0,"parent":0,"menu_order":0,"comment_status":"closed","ping_status":"closed","template":"","meta":[],"_links":{"self":[{"href":"https:\/\/gill-bi.de\/index.php?rest_route=\/wp\/v2\/pages\/2"}],"collection":[{"href":"https:\/\/gill-bi.de\/index.php?rest_route=\/wp\/v2\/pages"}],"about":[{"href":"https:\/\/gill-bi.de\/index.php?rest_route=\/wp\/v2\/types\/page"}],"author":[{"embeddable":true,"href":"https:\/\/gill-bi.de\/index.php?rest_route=\/wp\/v2\/users\/1"}],"replies":[{"embeddable":true,"href":"https:\/\/gill-bi.de\/index.php?rest_route=%2Fwp%2Fv2%2Fcomments&post=2"}],"version-history":[{"count":19,"href":"https:\/\/gill-bi.de\/index.php?rest_route=\/wp\/v2\/pages\/2\/revisions"}],"predecessor-version":[{"id":156,"href":"https:\/\/gill-bi.de\/index.php?rest_route=\/wp\/v2\/pages\/2\/revisions\/156"}],"wp:attachment":[{"href":"https:\/\/gill-bi.de\/index.php?rest_route=%2Fwp%2Fv2%2Fmedia&parent=2"}],"curies":[{"name":"wp","href":"https:\/\/api.w.org\/{rel}","templated":true}]}}